{"id":431,"date":"2016-09-14T13:16:51","date_gmt":"2016-09-14T11:16:51","guid":{"rendered":"https:\/\/www.hotel-altergerichtshof.at\/en\/?page_id=431"},"modified":"2018-02-28T10:35:12","modified_gmt":"2018-02-28T09:35:12","slug":"personal-recommendations","status":"publish","type":"page","link":"https:\/\/www.hotel-altergerichtshof.at\/en\/personal-recommendations\/","title":{"rendered":"Personal recommendations"},"content":{"rendered":"<p>[vc_row][vc_column]\n\t\t\t<section class=\"block component-recommendation\" style=\"background-color: #86836f\">\n\t\t\t\t\t\t<a href=\"http:\/\/www.museum.hartberg.at\/\" title=\"More Info\" target=\"_blank\">\n\t\t\t\n\t\t\t\t\t<figure class=\"icon\">\n\t\t\t\t<img loading=\"lazy\" decoding=\"async\" width=\"250\" height=\"250\" src=\"https:\/\/www.hotel-altergerichtshof.at\/wp-content\/uploads\/2016\/09\/unnamed.png\" class=\"attachment-full size-full\" alt=\"\" srcset=\"https:\/\/www.hotel-altergerichtshof.at\/wp-content\/uploads\/2016\/09\/unnamed.png 250w, https:\/\/www.hotel-altergerichtshof.at\/wp-content\/uploads\/2016\/09\/unnamed-150x150.png 150w, https:\/\/www.hotel-altergerichtshof.at\/wp-content\/uploads\/2016\/09\/unnamed-125x125.png 125w\" sizes=\"auto, (max-width: 250px) 100vw, 250px\" \/>\t\t\t<\/figure>\n\t\t\n\t\t<h2>Hartberg Museum<\/h2>\n\t\t\t\t\n\t\t\t\t\t\t\t\t\t<div class=\"info with-link\">\n\t\t\t\t\t\t\t\t\t\t\t\t<span class=\"line-1\">\n\t\t\t\t\t\tHartberg Museum\t\t\t\t\t<\/span>\n\t\t\t\t\t\t\t\t\t\t\t\t\t\t\t\t\t<span class=\"address\">\n\t\t\t\t\t\tHerrengasse 6 | 8230 Hartberg\t\t\t\t\t<\/span>\n\t\t\t\t\t\t\n\t\t\t<\/div>\n\t\t\n\t\t\t\t\t\t\t\t\t<span class=\"btn\" style=\"color: #86836f\">More Info<\/span>\n\t\t\t\t\t\t<\/a>\n\t\t\t<\/section>\n\n\t\n\t\t\t<section class=\"block component-recommendation\" style=\"background-color: #de6e64\">\n\t\t\t\t\t\t<a href=\"http:\/\/www.keramik-saustall.at\" title=\"More Info\" target=\"_blank\">\n\t\t\t\n\t\t\t\t\t<figure class=\"icon\">\n\t\t\t\t<img loading=\"lazy\" decoding=\"async\" width=\"250\" height=\"250\" src=\"https:\/\/www.hotel-altergerichtshof.at\/wp-content\/uploads\/2016\/11\/icon_keramikaustall.png\" class=\"attachment-full size-full\" alt=\"Petra Sauruggs Keramiksaustall\" srcset=\"https:\/\/www.hotel-altergerichtshof.at\/wp-content\/uploads\/2016\/11\/icon_keramikaustall.png 250w, https:\/\/www.hotel-altergerichtshof.at\/wp-content\/uploads\/2016\/11\/icon_keramikaustall-150x150.png 150w, https:\/\/www.hotel-altergerichtshof.at\/wp-content\/uploads\/2016\/11\/icon_keramikaustall-125x125.png 125w\" sizes=\"auto, (max-width: 250px) 100vw, 250px\" \/>\t\t\t<\/figure>\n\t\t\n\t\t<h2>Petra Sauruggs Keramiksaustall<\/h2>\n\t\t\t\t\t<div class=\"content\">\n\t\t\t\tYou can find this workshop and showroom with its selection of unique ceramics just a few doors down from the hotel\u2019s main entrance.\t\t\t<\/div>\n\t\t\t\t\n\t\t\t\t\t\t\t\t\t<div class=\"info with-link\">\n\t\t\t\t\t\t\t\t\t\t\t\t<span class=\"line-1\">\n\t\t\t\t\t\tPetra Saurugg\t\t\t\t\t<\/span>\n\t\t\t\t\t\t\t\t\t\t\t\t\t<span class=\"line-2\">\n\t\t\t\t\t\tKeramik Saustall - Keramikwerkst\u00e4tte\t\t\t\t\t<\/span>\n\t\t\t\t\t\t\t\t\t\t\t\t\t<span class=\"address\">\n\t\t\t\t\t\tKirchengasse 7 | 8230 Hartberg\t\t\t\t\t<\/span>\n\t\t\t\t\t\t\n\t\t\t<\/div>\n\t\t\n\t\t\t\t\t\t\t\t\t<span class=\"btn\" style=\"color: #de6e64\">More Info<\/span>\n\t\t\t\t\t\t<\/a>\n\t\t\t<\/section>\n\n\t\n\t\t\t<section class=\"block component-recommendation\" style=\"background-color: #86836f\">\n\t\t\t\t\t\t<a href=\"http:\/\/www.eva-mayer.at\" title=\"More Info\" target=\"_blank\">\n\t\t\t\n\t\t\t\t\t<figure class=\"icon\">\n\t\t\t\t<img loading=\"lazy\" decoding=\"async\" width=\"250\" height=\"250\" src=\"https:\/\/www.hotel-altergerichtshof.at\/wp-content\/uploads\/2016\/11\/icon_evamayer.png\" class=\"attachment-full size-full\" alt=\"Keramikwerkstatt Eva Mayer\" srcset=\"https:\/\/www.hotel-altergerichtshof.at\/wp-content\/uploads\/2016\/11\/icon_evamayer.png 250w, https:\/\/www.hotel-altergerichtshof.at\/wp-content\/uploads\/2016\/11\/icon_evamayer-150x150.png 150w, https:\/\/www.hotel-altergerichtshof.at\/wp-content\/uploads\/2016\/11\/icon_evamayer-125x125.png 125w\" sizes=\"auto, (max-width: 250px) 100vw, 250px\" \/>\t\t\t<\/figure>\n\t\t\n\t\t<h2>Ceramic atelier - Eva Mayer<\/h2>\n\t\t\t\t\t<div class=\"content\">\n\t\t\t\tThis renovated blacksmith\u2019s forge with a modern showroom is situated around 2 km from Hartberg\u2019s town center. Browse the wide selection of tableware in porcelain and raku or ceramics for house and garden. Enjoy a walk through the impressive garden, past the hidden quarry and old dry-stone walls.\t\t\t<\/div>\n\t\t\t\t\n\t\t\t\t\t\t\t\t\t<div class=\"info with-link\">\n\t\t\t\t\t\t\t\t\t\t\t\t<span class=\"line-1\">\n\t\t\t\t\t\tEva Mayer\t\t\t\t\t<\/span>\n\t\t\t\t\t\t\t\t\t\t\t\t\t<span class=\"line-2\">\n\t\t\t\t\t\tKeramikwerkstatt\t\t\t\t\t<\/span>\n\t\t\t\t\t\t\t\t\t\t\t\t\t<span class=\"address\">\n\t\t\t\t\t\tRing 36 | 8230 Hartberg\t\t\t\t\t<\/span>\n\t\t\t\t\t\t\n\t\t\t<\/div>\n\t\t\n\t\t\t\t\t\t\t\t\t<span class=\"btn\" style=\"color: #86836f\">More Info<\/span>\n\t\t\t\t\t\t<\/a>\n\t\t\t<\/section>\n\n\t\n\t\t\t<section class=\"block component-recommendation\" style=\"background-color: #de6e64\">\n\t\t\t\t\t\t<a href=\"http:\/\/www.keramik-saustall.at\" title=\"More info\" target=\"_blank\">\n\t\t\t\n\t\t\t\t\t<figure class=\"icon\">\n\t\t\t\t<img loading=\"lazy\" decoding=\"async\" width=\"250\" height=\"250\" src=\"https:\/\/www.hotel-altergerichtshof.at\/wp-content\/uploads\/2016\/11\/icon_bellabayer.png\" class=\"attachment-full size-full\" alt=\"Es ist ein St\u00fcck Paradies in Hartberg!\" srcset=\"https:\/\/www.hotel-altergerichtshof.at\/wp-content\/uploads\/2016\/11\/icon_bellabayer.png 250w, https:\/\/www.hotel-altergerichtshof.at\/wp-content\/uploads\/2016\/11\/icon_bellabayer-150x150.png 150w, https:\/\/www.hotel-altergerichtshof.at\/wp-content\/uploads\/2016\/11\/icon_bellabayer-125x125.png 125w\" sizes=\"auto, (max-width: 250px) 100vw, 250px\" \/>\t\t\t<\/figure>\n\t\t\n\t\t<h2>Hartberg\u2019s garden paradise<\/h2>\n\t\t\t\t\t<div class=\"content\">\n\t\t\t\tOne of the most beautiful private gardens in Styria, Bellabayer is open to the public for a few days every month between May and October. The collection of exotic plants and selected sculptures from international artists combine to make this 5000m2 garden a real work of art.\t\t\t<\/div>\n\t\t\t\t\n\t\t\t\t\t\t\t\t\t<div class=\"info with-link\">\n\t\t\t\t\t\t\t\t\t\t\t\t<span class=\"line-1\">\n\t\t\t\t\t\tDI Isabell Bayer-Lueger\t\t\t\t\t<\/span>\n\t\t\t\t\t\t\t\t\t\t\t\t\t\t\t\t\t<span class=\"address\">\n\t\t\t\t\t\tRing 111 \u2013 Sonnleitenweg | 8230 Hartberg\t\t\t\t\t<\/span>\n\t\t\t\t\t\t\n\t\t\t<\/div>\n\t\t\n\t\t\t\t\t\t\t\t\t<span class=\"btn\" style=\"color: #de6e64\">More info<\/span>\n\t\t\t\t\t\t<\/a>\n\t\t\t<\/section>\n\n\t\n\t\t\t<section class=\"block component-recommendation\" style=\"background-color: #86836f\">\n\t\t\t\t\n\t\t\t\t\t<figure class=\"icon\">\n\t\t\t\t<img loading=\"lazy\" decoding=\"async\" width=\"250\" height=\"250\" src=\"https:\/\/www.hotel-altergerichtshof.at\/wp-content\/uploads\/2016\/11\/icon_bauernmarkt.png\" class=\"attachment-full size-full\" alt=\"Hartberger Bauernmarkt\" srcset=\"https:\/\/www.hotel-altergerichtshof.at\/wp-content\/uploads\/2016\/11\/icon_bauernmarkt.png 250w, https:\/\/www.hotel-altergerichtshof.at\/wp-content\/uploads\/2016\/11\/icon_bauernmarkt-150x150.png 150w, https:\/\/www.hotel-altergerichtshof.at\/wp-content\/uploads\/2016\/11\/icon_bauernmarkt-125x125.png 125w\" sizes=\"auto, (max-width: 250px) 100vw, 250px\" \/>\t\t\t<\/figure>\n\t\t\n\t\t<h2>My culinary shopping tips<\/h2>\n\t\t\t\t\t<div class=\"content\">\n\t\t\t\tVisit the farmers\u2019 market in front of Hartberg\u2019s Kapuziner monastery, every Tuesday and Friday from 12:00 and the \u201eBurgl-Markt\u201c run by the Koch family situated in the Wiener Stra\u00dfe 10 in the pedestrian area, where you will find a broad selection of high-quality products from local farmers and other regional producers. Experience the great taste of Styria in a friendly atmosphere.\t\t\t<\/div>\n\t\t\t\t\n\t\t\n\t\t\t<\/section>\n\n\t\n\t\t\t<section class=\"block component-recommendation\" style=\"background-color: #de6e64\">\n\t\t\t\t\t\t<a href=\"http:\/\/www.aichberg.schloesserstrasse.com\" title=\"More Info\" target=\"_blank\">\n\t\t\t\n\t\t\t\t\t<figure class=\"icon\">\n\t\t\t\t<img loading=\"lazy\" decoding=\"async\" width=\"250\" height=\"250\" src=\"https:\/\/www.hotel-altergerichtshof.at\/wp-content\/uploads\/2016\/11\/icon_schloss-1.png\" class=\"attachment-full size-full\" alt=\"Schloss Aichberg\" srcset=\"https:\/\/www.hotel-altergerichtshof.at\/wp-content\/uploads\/2016\/11\/icon_schloss-1.png 250w, https:\/\/www.hotel-altergerichtshof.at\/wp-content\/uploads\/2016\/11\/icon_schloss-1-150x150.png 150w, https:\/\/www.hotel-altergerichtshof.at\/wp-content\/uploads\/2016\/11\/icon_schloss-1-125x125.png 125w\" sizes=\"auto, (max-width: 250px) 100vw, 250px\" \/>\t\t\t<\/figure>\n\t\t\n\t\t<h2>Schloss Aichberg<\/h2>\n\t\t\t\t\t<div class=\"content\">\n\t\t\t\tSchloss Aichberg has been in possession of our good friend Cajetan Gril since 1986 and has been renovated with much care and attention to detail. Today it contains a permanent exhibition about the castle\u2019s chequered past, open between May and October and always offers something new to see.\t\t\t<\/div>\n\t\t\t\t\n\t\t\t\t\t\t\t\t\t<div class=\"info with-link\">\n\t\t\t\t\t\t\t\t\t\t\t\t<span class=\"line-1\">\n\t\t\t\t\t\tSchloss Aichberg\t\t\t\t\t<\/span>\n\t\t\t\t\t\t\t\t\t\t\t\t\t<span class=\"line-2\">\n\t\t\t\t\t\tCajetan Grill\t\t\t\t\t<\/span>\n\t\t\t\t\t\t\t\t\t\t\t\t\t<span class=\"address\">\n\t\t\t\t\t\t8234 Eichberg\t\t\t\t\t<\/span>\n\t\t\t\t\t\t\n\t\t\t<\/div>\n\t\t\n\t\t\t\t\t\t\t\t\t<span class=\"btn\" style=\"color: #de6e64\">More Info<\/span>\n\t\t\t\t\t\t<\/a>\n\t\t\t<\/section>\n\n\t\n\t\t\t<section class=\"block component-recommendation\" style=\"background-color: #86836f\">\n\t\t\t\t\t\t<a href=\"http:\/\/www.herberstein.co.at\" title=\"More Info\" target=\"_blank\">\n\t\t\t\n\t\t\t\t\t<figure class=\"icon\">\n\t\t\t\t<img loading=\"lazy\" decoding=\"async\" width=\"250\" height=\"250\" src=\"https:\/\/www.hotel-altergerichtshof.at\/wp-content\/uploads\/2016\/11\/icon_herberstein.png\" class=\"attachment-full size-full\" alt=\"Schloss und Tierpark Herberstein\" srcset=\"https:\/\/www.hotel-altergerichtshof.at\/wp-content\/uploads\/2016\/11\/icon_herberstein.png 250w, https:\/\/www.hotel-altergerichtshof.at\/wp-content\/uploads\/2016\/11\/icon_herberstein-150x150.png 150w, https:\/\/www.hotel-altergerichtshof.at\/wp-content\/uploads\/2016\/11\/icon_herberstein-125x125.png 125w\" sizes=\"auto, (max-width: 250px) 100vw, 250px\" \/>\t\t\t<\/figure>\n\t\t\n\t\t<h2>Herberstein Castle and Zoo<\/h2>\n\t\t\t\t\t<div class=\"content\">\n\t\t\t\tVisit historical Herberstein and experience the huge castle with its wonderful gardens and adjacent zoo\t\t\t<\/div>\n\t\t\t\t\n\t\t\t\t\t\t\t\t\t<div class=\"info with-link\">\n\t\t\t\t\t\t\t\t\t\t\t\t<span class=\"line-1\">\n\t\t\t\t\t\tGartenschloss Herberstein\t\t\t\t\t<\/span>\n\t\t\t\t\t\t\t\t\t\t\t\t\t\t\t\t\t<span class=\"address\">\n\t\t\t\t\t\tBuchberg 1 | 8222 St. Johann bei Herberstein\t\t\t\t\t<\/span>\n\t\t\t\t\t\t\n\t\t\t<\/div>\n\t\t\n\t\t\t\t\t\t\t\t\t<span class=\"btn\" style=\"color: #86836f\">More Info<\/span>\n\t\t\t\t\t\t<\/a>\n\t\t\t<\/section>\n\n\t[\/vc_column][\/vc_row]<\/p>\n","protected":false},"excerpt":{"rendered":"<p>[vc_row][vc_column][\/vc_column][\/vc_row]<\/p>\n","protected":false},"author":1,"featured_media":0,"parent":0,"menu_order":0,"comment_status":"closed","ping_status":"closed","template":"","meta":{"footnotes":""},"class_list":["post-431","page","type-page","status-publish","hentry"],"yoast_head":"<!-- This site is optimized with the Yoast SEO plugin v26.8 - https:\/\/yoast.com\/product\/yoast-seo-wordpress\/ -->\n<title>Personal recommendations f\u00fcr Hartberg und Umgebung<\/title>\n<meta name=\"description\" content=\"Pers\u00f6nliche Empfehlungen f\u00fcr Hartberg und Umgebung. Menschen und Orte, die ich Ihnen ans Herz legen m\u00f6chte.\" \/>\n<meta name=\"robots\" content=\"index, follow, max-snippet:-1, max-image-preview:large, max-video-preview:-1\" \/>\n<link rel=\"canonical\" href=\"https:\/\/www.hotel-altergerichtshof.at\/en\/personal-recommendations\/\" \/>\n<meta property=\"og:locale\" content=\"en_US\" \/>\n<meta property=\"og:type\" content=\"article\" \/>\n<meta property=\"og:title\" content=\"Personal recommendations f\u00fcr Hartberg und Umgebung\" \/>\n<meta property=\"og:description\" content=\"Pers\u00f6nliche Empfehlungen f\u00fcr Hartberg und Umgebung. Menschen und Orte, die ich Ihnen ans Herz legen m\u00f6chte.\" \/>\n<meta property=\"og:url\" content=\"https:\/\/www.hotel-altergerichtshof.at\/en\/personal-recommendations\/\" \/>\n<meta property=\"og:site_name\" content=\"Hotel Alter Gerichtshof\" \/>\n<meta property=\"article:modified_time\" content=\"2018-02-28T09:35:12+00:00\" \/>\n<meta name=\"twitter:card\" content=\"summary_large_image\" \/>\n<meta name=\"twitter:label1\" content=\"Est. reading time\" \/>\n\t<meta name=\"twitter:data1\" content=\"2 minutes\" \/>\n<script type=\"application\/ld+json\" class=\"yoast-schema-graph\">{\"@context\":\"https:\/\/schema.org\",\"@graph\":[{\"@type\":\"WebPage\",\"@id\":\"https:\/\/www.hotel-altergerichtshof.at\/en\/personal-recommendations\/\",\"url\":\"https:\/\/www.hotel-altergerichtshof.at\/en\/personal-recommendations\/\",\"name\":\"Personal recommendations f\u00fcr Hartberg und Umgebung\",\"isPartOf\":{\"@id\":\"https:\/\/www.hotel-altergerichtshof.at\/#website\"},\"datePublished\":\"2016-09-14T11:16:51+00:00\",\"dateModified\":\"2018-02-28T09:35:12+00:00\",\"description\":\"Pers\u00f6nliche Empfehlungen f\u00fcr Hartberg und Umgebung. Menschen und Orte, die ich Ihnen ans Herz legen m\u00f6chte.\",\"breadcrumb\":{\"@id\":\"https:\/\/www.hotel-altergerichtshof.at\/en\/personal-recommendations\/#breadcrumb\"},\"inLanguage\":\"en-US\",\"potentialAction\":[{\"@type\":\"ReadAction\",\"target\":[\"https:\/\/www.hotel-altergerichtshof.at\/en\/personal-recommendations\/\"]}]},{\"@type\":\"BreadcrumbList\",\"@id\":\"https:\/\/www.hotel-altergerichtshof.at\/en\/personal-recommendations\/#breadcrumb\",\"itemListElement\":[{\"@type\":\"ListItem\",\"position\":1,\"name\":\"Startseite\",\"item\":\"https:\/\/www.hotel-altergerichtshof.at\/en\/\"},{\"@type\":\"ListItem\",\"position\":2,\"name\":\"Personal recommendations\"}]},{\"@type\":\"WebSite\",\"@id\":\"https:\/\/www.hotel-altergerichtshof.at\/#website\",\"url\":\"https:\/\/www.hotel-altergerichtshof.at\/\",\"name\":\"Hotel Alter Gerichtshof\",\"description\":\"Charmant, stilvoll und sehr pers\u00f6nlich\",\"potentialAction\":[{\"@type\":\"SearchAction\",\"target\":{\"@type\":\"EntryPoint\",\"urlTemplate\":\"https:\/\/www.hotel-altergerichtshof.at\/?s={search_term_string}\"},\"query-input\":{\"@type\":\"PropertyValueSpecification\",\"valueRequired\":true,\"valueName\":\"search_term_string\"}}],\"inLanguage\":\"en-US\"}]}<\/script>\n<!-- \/ Yoast SEO plugin. -->","yoast_head_json":{"title":"Personal recommendations f\u00fcr Hartberg und Umgebung","description":"Pers\u00f6nliche Empfehlungen f\u00fcr Hartberg und Umgebung. Menschen und Orte, die ich Ihnen ans Herz legen m\u00f6chte.","robots":{"index":"index","follow":"follow","max-snippet":"max-snippet:-1","max-image-preview":"max-image-preview:large","max-video-preview":"max-video-preview:-1"},"canonical":"https:\/\/www.hotel-altergerichtshof.at\/en\/personal-recommendations\/","og_locale":"en_US","og_type":"article","og_title":"Personal recommendations f\u00fcr Hartberg und Umgebung","og_description":"Pers\u00f6nliche Empfehlungen f\u00fcr Hartberg und Umgebung. Menschen und Orte, die ich Ihnen ans Herz legen m\u00f6chte.","og_url":"https:\/\/www.hotel-altergerichtshof.at\/en\/personal-recommendations\/","og_site_name":"Hotel Alter Gerichtshof","article_modified_time":"2018-02-28T09:35:12+00:00","twitter_card":"summary_large_image","twitter_misc":{"Est. reading time":"2 minutes"},"schema":{"@context":"https:\/\/schema.org","@graph":[{"@type":"WebPage","@id":"https:\/\/www.hotel-altergerichtshof.at\/en\/personal-recommendations\/","url":"https:\/\/www.hotel-altergerichtshof.at\/en\/personal-recommendations\/","name":"Personal recommendations f\u00fcr Hartberg und Umgebung","isPartOf":{"@id":"https:\/\/www.hotel-altergerichtshof.at\/#website"},"datePublished":"2016-09-14T11:16:51+00:00","dateModified":"2018-02-28T09:35:12+00:00","description":"Pers\u00f6nliche Empfehlungen f\u00fcr Hartberg und Umgebung. Menschen und Orte, die ich Ihnen ans Herz legen m\u00f6chte.","breadcrumb":{"@id":"https:\/\/www.hotel-altergerichtshof.at\/en\/personal-recommendations\/#breadcrumb"},"inLanguage":"en-US","potentialAction":[{"@type":"ReadAction","target":["https:\/\/www.hotel-altergerichtshof.at\/en\/personal-recommendations\/"]}]},{"@type":"BreadcrumbList","@id":"https:\/\/www.hotel-altergerichtshof.at\/en\/personal-recommendations\/#breadcrumb","itemListElement":[{"@type":"ListItem","position":1,"name":"Startseite","item":"https:\/\/www.hotel-altergerichtshof.at\/en\/"},{"@type":"ListItem","position":2,"name":"Personal recommendations"}]},{"@type":"WebSite","@id":"https:\/\/www.hotel-altergerichtshof.at\/#website","url":"https:\/\/www.hotel-altergerichtshof.at\/","name":"Hotel Alter Gerichtshof","description":"Charmant, stilvoll und sehr pers\u00f6nlich","potentialAction":[{"@type":"SearchAction","target":{"@type":"EntryPoint","urlTemplate":"https:\/\/www.hotel-altergerichtshof.at\/?s={search_term_string}"},"query-input":{"@type":"PropertyValueSpecification","valueRequired":true,"valueName":"search_term_string"}}],"inLanguage":"en-US"}]}},"_links":{"self":[{"href":"https:\/\/www.hotel-altergerichtshof.at\/en\/wp-json\/wp\/v2\/pages\/431","targetHints":{"allow":["GET"]}}],"collection":[{"href":"https:\/\/www.hotel-altergerichtshof.at\/en\/wp-json\/wp\/v2\/pages"}],"about":[{"href":"https:\/\/www.hotel-altergerichtshof.at\/en\/wp-json\/wp\/v2\/types\/page"}],"author":[{"embeddable":true,"href":"https:\/\/www.hotel-altergerichtshof.at\/en\/wp-json\/wp\/v2\/users\/1"}],"replies":[{"embeddable":true,"href":"https:\/\/www.hotel-altergerichtshof.at\/en\/wp-json\/wp\/v2\/comments?post=431"}],"version-history":[{"count":1,"href":"https:\/\/www.hotel-altergerichtshof.at\/en\/wp-json\/wp\/v2\/pages\/431\/revisions"}],"predecessor-version":[{"id":638,"href":"https:\/\/www.hotel-altergerichtshof.at\/en\/wp-json\/wp\/v2\/pages\/431\/revisions\/638"}],"wp:attachment":[{"href":"https:\/\/www.hotel-altergerichtshof.at\/en\/wp-json\/wp\/v2\/media?parent=431"}],"curies":[{"name":"wp","href":"https:\/\/api.w.org\/{rel}","templated":true}]}}